{"id":620,"date":"2019-05-14T10:14:53","date_gmt":"2019-05-14T10:14:53","guid":{"rendered":"https:\/\/arandjelovac.hola.rs\/?page_id=620"},"modified":"2021-06-07T18:51:14","modified_gmt":"2021-06-07T16:51:14","slug":"kiosk-shop","status":"publish","type":"page","link":"https:\/\/arandjelovac.hola.rs\/?page_id=620","title":{"rendered":"MANIFESTACIJE"},"content":{"rendered":"<p>[vc_row css_animation=&#8220;&#8220; row_type=&#8220;row&#8220; use_row_as_full_screen_section=&#8220;no&#8220; type=&#8220;full_width&#8220; angled_section=&#8220;no&#8220; text_align=&#8220;left&#8220; background_image_as_pattern=&#8220;without_pattern&#8220; css=&#8220;.vc_custom_1557836838530{margin-top: 50px !important;margin-bottom: 50px !important;}&#8220; z_index=&#8220;&#8220;][vc_column width=&#8220;1\/4&#8243;][\/vc_column][vc_column width=&#8220;1\/2&#8243;][vc_column_text]<\/p>\n<h1 class=\"mkdf-page-title entry-title\" style=\"text-align: center;\"><span style=\"color: #000000;\">Manifestacije<\/span><\/h1>\n<p>[\/vc_column_text][\/vc_column][vc_column width=&#8220;1\/4&#8243;][\/vc_column][\/vc_row][vc_row css_animation=&#8220;&#8220; row_type=&#8220;row&#8220; use_row_as_full_screen_section=&#8220;no&#8220; type=&#8220;full_width&#8220; angled_section=&#8220;no&#8220; text_align=&#8220;left&#8220; background_image_as_pattern=&#8220;without_pattern&#8220;][vc_column]<div class='qode_image_gallery_no_space light'><div class='qode_image_gallery_holder' style='height: 450px;'><ul  ><li  ><div style=\"height: 450px; width:677px;\"><img decoding=\"async\" itemprop=\"image\" src=\"https:\/\/arandjelovac.hola.rs\/wp-content\/uploads\/2021\/05\/MERMER-I-ZVUCI-BRACA-TEOFILOVIC-2019_3.jpg\" alt=\"\" \/><\/div><\/li><li  ><div style=\"height: 450px; width:675px;\"><img decoding=\"async\" itemprop=\"image\" src=\"https:\/\/arandjelovac.hola.rs\/wp-content\/uploads\/2021\/05\/Izlozba-radova-Aleksandra-Dimitrijevica-2.jpg\" alt=\"\" \/><\/div><\/li><li  ><div style=\"height: 450px; width:679px;\"><img decoding=\"async\" itemprop=\"image\" src=\"https:\/\/arandjelovac.hola.rs\/wp-content\/uploads\/2021\/05\/PEX_3013.jpg\" alt=\"\" \/><\/div><\/li><li  ><div style=\"height: 450px; width:676px;\"><img decoding=\"async\" itemprop=\"image\" src=\"https:\/\/arandjelovac.hola.rs\/wp-content\/uploads\/2021\/05\/IMG_8641.jpg\" alt=\"\" \/><\/div><\/li><li  ><div style=\"height: 450px; width:676px;\"><img decoding=\"async\" itemprop=\"image\" src=\"https:\/\/arandjelovac.hola.rs\/wp-content\/uploads\/2021\/05\/IMG_2786.jpg\" alt=\"\" \/><\/div><\/li><li  ><div style=\"height: 450px; width:676px;\"><img decoding=\"async\" itemprop=\"image\" src=\"https:\/\/arandjelovac.hola.rs\/wp-content\/uploads\/2021\/05\/Goran-Markovic_Beogradski-trio_Mermer-i-zvuci-2019n.jpg\" alt=\"\" \/><\/div><\/li><\/ul><\/div><div class=\"controls\"><a class=\"prev-slide\" href=\"#\"><span><i class=\"fa fa-angle-left\"><\/i><\/span><\/a><a class=\"next-slide\" href=\"#\"><span><i class=\"fa fa-angle-right\"><\/i><\/span><\/a><\/div><\/div>[\/vc_column][\/vc_row][vc_row css_animation=&#8220;&#8220; row_type=&#8220;row&#8220; use_row_as_full_screen_section=&#8220;no&#8220; type=&#8220;full_width&#8220; angled_section=&#8220;no&#8220; text_align=&#8220;left&#8220; background_image_as_pattern=&#8220;without_pattern&#8220; css=&#8220;.vc_custom_1557831512464{padding-top: 80px !important;padding-bottom: 80px !important;background-color: #f2f2f2 !important;}&#8220; z_index=&#8220;&#8220;][vc_column width=&#8220;1\/4&#8243;][\/vc_column][vc_column width=&#8220;1\/2&#8243;][vc_column_text]<\/p>\n<h1 class=\"page-title\" style=\"text-align: center;\"><span class=\"base\" style=\"color: #000000;\" data-ui-id=\"page-title-wrapper\">Mermer i zvuci<\/span><\/h1>\n<p>[\/vc_column_text][vc_column_text]<\/p>\n<h5 style=\"text-align: center;\">Smotra umetnosti \u201cMermer i zvuci\u201d mo\u017ee se pohvaliti dugom tradicijom umetni\u010dkog stvaranja i prikaza.<br \/>\nU periodu od 1966. do 1973. godine osmi\u0161ljena su tri oblika kulturno-umetni\u010dkog delovanja, svaki sa specifi\u010dnim odlikama, ali programski me\u0111usobno komplementarno povezana: Simpozijum skulpture \u201cBeli Ven\u010dac\u201d 1966. godine, Smotra \u201cMermer i zvuci\u201d 1968. godine i Me\u0111unarodni festival \u201cSvet keramike\u201d 1973. sa svojim simpozijumima od 1974. godine.<\/h5>\n<p>[\/vc_column_text][\/vc_column][vc_column width=&#8220;1\/4&#8243;][\/vc_column][\/vc_row][vc_row css_animation=&#8220;&#8220; row_type=&#8220;row&#8220; use_row_as_full_screen_section=&#8220;no&#8220; type=&#8220;full_width&#8220; angled_section=&#8220;no&#8220; text_align=&#8220;left&#8220; background_image_as_pattern=&#8220;without_pattern&#8220; css=&#8220;.vc_custom_1557836838530{margin-top: 50px !important;margin-bottom: 50px !important;}&#8220; z_index=&#8220;&#8220;][vc_column width=&#8220;1\/6&#8243;][\/vc_column][vc_column width=&#8220;2\/3&#8243;][vc_column_text]<\/p>\n<h1 class=\"mkdf-page-title entry-title\" style=\"text-align: center;\"><span style=\"color: #000000;\">Kalendar manifestacija<\/span><\/h1>\n<p>[\/vc_column_text][vc_column_text]<\/p>\n<h3 style=\"text-align: center;\"><span style=\"color: #000000;\">Zbog trenutne epidemiolo\u0161ke situacije mogu\u0107e su promene datuma odr\u017eavanja manifestacija<\/span><\/h3>\n<p>[\/vc_column_text][vc_empty_space][vc_single_image image=&#8220;1443&#8243; img_size=&#8220;full&#8220; qode_css_animation=&#8220;&#8220;][\/vc_column][vc_column width=&#8220;1\/6&#8243;][\/vc_column][\/vc_row][vc_row css_animation=&#8220;&#8220; row_type=&#8220;row&#8220; use_row_as_full_screen_section=&#8220;no&#8220; type=&#8220;full_width&#8220; angled_section=&#8220;no&#8220; text_align=&#8220;left&#8220; background_image_as_pattern=&#8220;without_pattern&#8220;][vc_column]<div class='qode_image_gallery_no_space light'><div class='qode_image_gallery_holder' style='height: 450px;'><ul  ><li  ><div style=\"height: 450px; width:600px;\"><img decoding=\"async\" itemprop=\"image\" src=\"https:\/\/arandjelovac.hola.rs\/wp-content\/uploads\/2021\/05\/175.jpg\" alt=\"\" \/><\/div><\/li><li  ><div style=\"height: 450px; width:669px;\"><img decoding=\"async\" itemprop=\"image\" src=\"https:\/\/arandjelovac.hola.rs\/wp-content\/uploads\/2021\/05\/179.jpg\" alt=\"\" \/><\/div><\/li><li  ><div style=\"height: 450px; width:800px;\"><img decoding=\"async\" itemprop=\"image\" src=\"https:\/\/arandjelovac.hola.rs\/wp-content\/uploads\/2021\/05\/193.jpg\" alt=\"\" \/><\/div><\/li><li  ><div style=\"height: 450px; width:600px;\"><img decoding=\"async\" itemprop=\"image\" src=\"https:\/\/arandjelovac.hola.rs\/wp-content\/uploads\/2021\/05\/226.jpg\" alt=\"\" \/><\/div><\/li><li  ><div style=\"height: 450px; width:600px;\"><img decoding=\"async\" itemprop=\"image\" src=\"https:\/\/arandjelovac.hola.rs\/wp-content\/uploads\/2021\/05\/229.jpg\" alt=\"\" \/><\/div><\/li><li  ><div style=\"height: 450px; width:676px;\"><img decoding=\"async\" itemprop=\"image\" src=\"https:\/\/arandjelovac.hola.rs\/wp-content\/uploads\/2021\/05\/204.jpg\" alt=\"\" \/><\/div><\/li><\/ul><\/div><div class=\"controls\"><a class=\"prev-slide\" href=\"#\"><span><i class=\"fa fa-angle-left\"><\/i><\/span><\/a><a class=\"next-slide\" href=\"#\"><span><i class=\"fa fa-angle-right\"><\/i><\/span><\/a><\/div><\/div>[\/vc_column][\/vc_row][vc_row css_animation=&#8220;&#8220; row_type=&#8220;row&#8220; use_row_as_full_screen_section=&#8220;no&#8220; type=&#8220;full_width&#8220; angled_section=&#8220;no&#8220; text_align=&#8220;left&#8220; background_image_as_pattern=&#8220;without_pattern&#8220; css=&#8220;.vc_custom_1557831512464{padding-top: 80px !important;padding-bottom: 80px !important;background-color: #f2f2f2 !important;}&#8220; z_index=&#8220;&#8220;][vc_column width=&#8220;1\/4&#8243;][\/vc_column][vc_column width=&#8220;1\/2&#8243;][vc_column_text]<\/p>\n<h1 class=\"page-title\" style=\"text-align: center;\"><span class=\"base\" style=\"color: #000000;\" data-ui-id=\"page-title-wrapper\">Centar za kulturu<\/span><\/h1>\n<p>[\/vc_column_text][vc_column_text]<\/p>\n<h5 style=\"text-align: center;\">Okuplja izdava\u010dke ku\u0107e i sve ljubitelje knjiga i pisane re\u010di. Festival obuhvata i raznovrstan prate\u0107i program \u2013 promocije, razgovori i dru\u017eenje sa autorima, mini koncert. Centar za kulturu i obrazovanje op\u0161tine Aran\u0111elovac, osnovan je marta 2000. godine, odlukom Skup\u0161tine op\u0161tine Aran\u0111elovac. Centar je osnovan u cilju obavljanja delatnosti iz oblasti kulture kao i obrazovanja izvan mre\u017ee redovnog \u0161kolskog sistema.<br \/>\nDelokrug rada Centra za kulturu i obrazovanje op\u0161tine Aran\u0111elovac se izra\u017eava kroz umetni\u010dko i knji\u017eevno stvarala\u0161tvo, izdavanje knjiga, \u010dasopisa, prikazivanje filmova, obrazovanje odraslih i ostale vidove obrazovanja (kreativne radionice), kao i druge kulturne manifestacije i aktivnosti.<\/h5>\n<p>[\/vc_column_text][\/vc_column][vc_column width=&#8220;1\/4&#8243;][\/vc_column][\/vc_row]<\/p>\n","protected":false},"excerpt":{"rendered":"<p>[vc_row css_animation=&#8220;&#8220; row_type=&#8220;row&#8220; use_row_as_full_screen_section=&#8220;no&#8220; type=&#8220;full_width&#8220; angled_section=&#8220;no&#8220; text_align=&#8220;left&#8220; background_image_as_pattern=&#8220;without_pattern&#8220; css=&#8220;.vc_custom_1557836838530{margin-top: 50px !important;margin-bottom: 50px !important;}&#8220; z_index=&#8220;&#8220;][vc_column width=&#8220;1\/4&#8243;][\/vc_column][vc_column width=&#8220;1\/2&#8243;][vc_column_text] Manifestacije [\/vc_column_text][\/vc_column][vc_column width=&#8220;1\/4&#8243;][\/vc_column][\/vc_row][vc_row css_animation=&#8220;&#8220; row_type=&#8220;row&#8220; use_row_as_full_screen_section=&#8220;no&#8220; type=&#8220;full_width&#8220; angled_section=&#8220;no&#8220; text_align=&#8220;left&#8220; background_image_as_pattern=&#8220;without_pattern&#8220;][vc_column][\/vc_column][\/vc_row][vc_row css_animation=&#8220;&#8220; row_type=&#8220;row&#8220; use_row_as_full_screen_section=&#8220;no&#8220; type=&#8220;full_width&#8220; angled_section=&#8220;no&#8220; text_align=&#8220;left&#8220; background_image_as_pattern=&#8220;without_pattern&#8220; css=&#8220;.vc_custom_1557831512464{padding-top: 80px !important;padding-bottom: 80px !important;background-color: #f2f2f2 !important;}&#8220; z_index=&#8220;&#8220;][vc_column width=&#8220;1\/4&#8243;][\/vc_column][vc_column width=&#8220;1\/2&#8243;][vc_column_text] Mermer i&#8230;<\/p>\n","protected":false},"author":1,"featured_media":0,"parent":0,"menu_order":0,"comment_status":"closed","ping_status":"closed","template":"full_width.php","meta":{"footnotes":""},"class_list":["post-620","page","type-page","status-publish","hentry"],"_links":{"self":[{"href":"https:\/\/arandjelovac.hola.rs\/index.php?rest_route=\/wp\/v2\/pages\/620"}],"collection":[{"href":"https:\/\/arandjelovac.hola.rs\/index.php?rest_route=\/wp\/v2\/pages"}],"about":[{"href":"https:\/\/arandjelovac.hola.rs\/index.php?rest_route=\/wp\/v2\/types\/page"}],"author":[{"embeddable":true,"href":"https:\/\/arandjelovac.hola.rs\/index.php?rest_route=\/wp\/v2\/users\/1"}],"replies":[{"embeddable":true,"href":"https:\/\/arandjelovac.hola.rs\/index.php?rest_route=%2Fwp%2Fv2%2Fcomments&post=620"}],"version-history":[{"count":28,"href":"https:\/\/arandjelovac.hola.rs\/index.php?rest_route=\/wp\/v2\/pages\/620\/revisions"}],"predecessor-version":[{"id":1842,"href":"https:\/\/arandjelovac.hola.rs\/index.php?rest_route=\/wp\/v2\/pages\/620\/revisions\/1842"}],"wp:attachment":[{"href":"https:\/\/arandjelovac.hola.rs\/index.php?rest_route=%2Fwp%2Fv2%2Fmedia&parent=620"}],"curies":[{"name":"wp","href":"https:\/\/api.w.org\/{rel}","templated":true}]}}